{"id":2591,"date":"2025-02-28T08:58:10","date_gmt":"2025-02-28T07:58:10","guid":{"rendered":"https:\/\/www.sodepac.com\/conseils-contre-humidite\/"},"modified":"2025-08-20T12:15:11","modified_gmt":"2025-08-20T10:15:11","slug":"consejos-contra-la-humedad","status":"publish","type":"page","link":"https:\/\/www.sodepac.com\/es\/consejos-contra-la-humedad\/","title":{"rendered":"Noticias"},"content":{"rendered":"<section class=\"l-section wpb_row us_custom_c6e74dfa height_medium\"><div class=\"l-section-overlay\" style=\"background:rgba(1,2,15,0.29)\"><\/div><div class=\"l-section-h i-cf\"><div class=\"g-cols vc_row via_grid cols_1 laptops-cols_inherit tablets-cols_inherit mobiles-cols_1 valign_top type_default stacking_default\"><div class=\"wpb_column vc_column_container\"><div class=\"vc_column-inner\"><div class=\"w-separator size_large\"><\/div><div class=\"wpb_text_column us_custom_6df4bc3a has_text_color\"><div class=\"wpb_wrapper\"><h1>Noticias<\/h1>\n<\/div><\/div><\/div><\/div><\/div><\/div><\/section><section class=\"l-section wpb_row us_custom_6214d554 height_medium\" id=\"presse\"><div class=\"l-section-h i-cf\"><div class=\"g-cols vc_row via_grid cols_1 laptops-cols_inherit tablets-cols_inherit mobiles-cols_1 valign_top type_default stacking_default\"><div class=\"wpb_column vc_column_container\"><div class=\"vc_column-inner\"><div class=\"w-grid us_grid type_grid layout_229 cols_3 overflow_hidden preload_style_spinner\" id=\"us_grid_1\" style=\"--columns:3;--gap:1.5rem;\" data-filterable=\"true\"><style>@media (max-width:1024px){#us_grid_1{--columns:2!important}}@media (max-width:600px){#us_grid_1{--columns:1!important}}.layout_229 .w-grid-item-h{background:var(--color-content-bg);color:var(--color-content-text);border-radius:0.3rem;box-shadow:0 0.03rem 0.06rem rgba(0,0,0,0.1),0 0.1rem 0.3rem rgba(0,0,0,0.1);transition-duration:0.3s}.no-touch .layout_229 .w-grid-item-h:hover{box-shadow:0 0.1rem 0.2rem rgba(0,0,0,0.1),0 0.33rem 1rem rgba(0,0,0,0.15);z-index:4}.layout_229 .usg_post_image_1{margin-bottom:-2rem!important}.layout_229 .usg_post_title_1{font-size:1.4rem!important;font-weight:700!important}.layout_229 .usg_vwrapper_1{margin-top:2rem!important;padding:9% 11% 11% 11%!important}.layout_229 .usg_post_taxonomy_1{font-size:10px!important;font-weight:700!important;text-transform:uppercase!important;position:absolute!important;left:1.2rem!important;top:1.2rem!important;right:1.2rem!important;z-index:2!important}.layout_229 .usg_hwrapper_1{color:var(--color-content-faded)!important;font-size:0.9rem!important}@media (max-width:600px){.layout_229 .usg_post_title_1{font-size:1.2rem!important}}<\/style><div class=\"w-grid-list\">\t<article class=\"w-grid-item size_1x1 post-3128 post type-post status-publish format-standard has-post-thumbnail hentry category-news-es\" data-id=\"3128\">\r\n\t\t<div class=\"w-grid-item-h\">\r\n\t\t\t\t\t\t\t<a href=\"https:\/\/www.sodepac.com\/es\/absorbente-de-humedad-natural-solucion-sin-energia\/\" class=\"w-grid-item-anchor\" aria-label=\"Absorbente natural de humedad: una soluci\u00f3n sencilla y eficaz sin consumo de energ\u00eda\"><\/a>\r\n\t\t\t\t\t\t<div class=\"w-post-elm post_image usg_post_image_1 has_ratio\"><img loading=\"lazy\" decoding=\"async\" width=\"1400\" height=\"1400\" src=\"https:\/\/www.sodepac.com\/wp-content\/uploads\/Absorbeur-dhumidite-mini-bali.jpg\" class=\"attachment-us_600_600_crop size-us_600_600_crop wp-post-image\" alt=\"Absorbeur d&#039;humidite\u0301 mini bali\" \/><div style=\"padding-bottom:66.6667%\"><\/div><\/div><div class=\"w-post-elm post_taxonomy usg_post_taxonomy_1 style_badge color_link_inherit\"><span class=\"w-btn us-btn-style_5 term-35 term-news-es\"><span class=\"w-btn-label\">News<\/span><\/span><\/div><div class=\"w-vwrapper usg_vwrapper_1 align_none valign_top\"><h2 class=\"w-post-elm post_title usg_post_title_1 entry-title color_link_inherit\">Absorbente natural de humedad: una soluci\u00f3n sencilla y eficaz sin consumo de energ\u00eda<\/h2><div class=\"w-hwrapper usg_hwrapper_1 has_text_color align_none valign_top wrap\"><time class=\"w-post-elm post_date usg_post_date_1 entry-date published\" datetime=\"2025-09-15T11:49:58+02:00\" title=\"15 septiembre 2025 a las 11:49:58 Europe\/Paris\">hace 8 meses<\/time><\/div><div class=\"w-post-elm post_content usg_post_content_1\">En numerosos entornos profesionales, el exceso de humedad se convierte en un problema recurrente. Favorece la aparici\u00f3n de moho y&hellip;<\/div><\/div>\t\t<\/div>\r\n\t\t\t<\/article>\r\n\t<article class=\"w-grid-item size_1x1 post-3125 post type-post status-publish format-standard has-post-thumbnail hentry category-news-es\" data-id=\"3125\">\r\n\t\t<div class=\"w-grid-item-h\">\r\n\t\t\t\t\t\t\t<a href=\"https:\/\/www.sodepac.com\/es\/antivaho-la-solucion-profesional-seko-mobile\/\" class=\"w-grid-item-anchor\" aria-label=\"Antivaho: la soluci\u00f3n profesional con la gama Seko Mobile\"><\/a>\r\n\t\t\t\t\t\t<div class=\"w-post-elm post_image usg_post_image_1 has_ratio\"><img loading=\"lazy\" decoding=\"async\" width=\"1400\" height=\"1400\" src=\"https:\/\/www.sodepac.com\/wp-content\/uploads\/Conditonnement-absorbeur-humidite-sans-rejet-deau-seko-mobile.jpg\" class=\"attachment-us_600_600_crop size-us_600_600_crop wp-post-image\" alt=\"Conditonnement absorbeur humidite\u0301 sans rejet d&#039;eau seko mobile\" \/><div style=\"padding-bottom:66.6667%\"><\/div><\/div><div class=\"w-post-elm post_taxonomy usg_post_taxonomy_1 style_badge color_link_inherit\"><span class=\"w-btn us-btn-style_5 term-35 term-news-es\"><span class=\"w-btn-label\">News<\/span><\/span><\/div><div class=\"w-vwrapper usg_vwrapper_1 align_none valign_top\"><h2 class=\"w-post-elm post_title usg_post_title_1 entry-title color_link_inherit\">Antivaho: la soluci\u00f3n profesional con la gama Seko Mobile<\/h2><div class=\"w-hwrapper usg_hwrapper_1 has_text_color align_none valign_top wrap\"><time class=\"w-post-elm post_date usg_post_date_1 entry-date published\" datetime=\"2025-08-14T09:32:38+02:00\" title=\"14 agosto 2025 a las 09:32:38 Europe\/Paris\">hace 9 meses<\/time><\/div><div class=\"w-post-elm post_content usg_post_content_1\">En muchos sectores profesionales, el vaho, o condensaci\u00f3n, no es solo una molestia visual. Puede representar un verdadero obst\u00e1culo para&hellip;<\/div><\/div>\t\t<\/div>\r\n\t\t\t<\/article>\r\n\t<article class=\"w-grid-item size_1x1 post-3122 post type-post status-publish format-standard has-post-thumbnail hentry category-news-es\" data-id=\"3122\">\r\n\t\t<div class=\"w-grid-item-h\">\r\n\t\t\t\t\t\t\t<a href=\"https:\/\/www.sodepac.com\/es\/absorbente-de-humedad-en-polvo-instazorb\/\" class=\"w-grid-item-anchor\" aria-label=\"Absorbente de humedad en polvo: nuestros productos Instazorb\"><\/a>\r\n\t\t\t\t\t\t<div class=\"w-post-elm post_image usg_post_image_1 has_ratio\"><img loading=\"lazy\" decoding=\"async\" width=\"1400\" height=\"1400\" src=\"https:\/\/www.sodepac.com\/wp-content\/uploads\/Instazorb-3L.jpg\" class=\"attachment-us_600_600_crop size-us_600_600_crop wp-post-image\" alt=\"Instazorb 3L\" \/><div style=\"padding-bottom:66.6667%\"><\/div><\/div><div class=\"w-post-elm post_taxonomy usg_post_taxonomy_1 style_badge color_link_inherit\"><span class=\"w-btn us-btn-style_5 term-35 term-news-es\"><span class=\"w-btn-label\">News<\/span><\/span><\/div><div class=\"w-vwrapper usg_vwrapper_1 align_none valign_top\"><h2 class=\"w-post-elm post_title usg_post_title_1 entry-title color_link_inherit\">Absorbente de humedad en polvo: nuestros productos Instazorb<\/h2><div class=\"w-hwrapper usg_hwrapper_1 has_text_color align_none valign_top wrap\"><time class=\"w-post-elm post_date usg_post_date_1 entry-date published\" datetime=\"2025-07-08T10:08:16+02:00\" title=\"8 julio 2025 a las 10:08:16 Europe\/Paris\">hace 10 meses<\/time><\/div><div class=\"w-post-elm post_content usg_post_content_1\">La humedad y los l\u00edquidos derramados pueden afectar a su seguridad y a sus instalaciones: suelos resbaladizos, riesgo de corrosi\u00f3n,&hellip;<\/div><\/div>\t\t<\/div>\r\n\t\t\t<\/article>\r\n\t<article class=\"w-grid-item size_1x1 post-3119 post type-post status-publish format-standard has-post-thumbnail hentry category-news-es\" data-id=\"3119\">\r\n\t\t<div class=\"w-grid-item-h\">\r\n\t\t\t\t\t\t\t<a href=\"https:\/\/www.sodepac.com\/es\/neutralizador-de-olores-nuevo-producto-seko\/\" class=\"w-grid-item-anchor\" aria-label=\"Neutralizador de olores: el nuevo producto de la gama SEKO\"><\/a>\r\n\t\t\t\t\t\t<div class=\"w-post-elm post_image usg_post_image_1 has_ratio\"><img loading=\"lazy\" decoding=\"async\" width=\"1400\" height=\"1400\" src=\"https:\/\/www.sodepac.com\/wp-content\/uploads\/neutraliseur-dodeur.png\" class=\"attachment-us_600_600_crop size-us_600_600_crop wp-post-image\" alt=\"neutraliseur d&#039;odeurs\" \/><div style=\"padding-bottom:66.6667%\"><\/div><\/div><div class=\"w-post-elm post_taxonomy usg_post_taxonomy_1 style_badge color_link_inherit\"><span class=\"w-btn us-btn-style_5 term-35 term-news-es\"><span class=\"w-btn-label\">News<\/span><\/span><\/div><div class=\"w-vwrapper usg_vwrapper_1 align_none valign_top\"><h2 class=\"w-post-elm post_title usg_post_title_1 entry-title color_link_inherit\">Neutralizador de olores: el nuevo producto de la gama SEKO<\/h2><div class=\"w-hwrapper usg_hwrapper_1 has_text_color align_none valign_top wrap\"><time class=\"w-post-elm post_date usg_post_date_1 entry-date published\" datetime=\"2025-06-08T09:52:50+02:00\" title=\"8 junio 2025 a las 09:52:50 Europe\/Paris\">hace 11 meses<\/time><\/div><div class=\"w-post-elm post_content usg_post_content_1\">Entre los malos olores persistentes y las necesidades de limpieza intachable, a veces es dif\u00edcil mantener un ambiente fresco y&hellip;<\/div><\/div>\t\t<\/div>\r\n\t\t\t<\/article>\r\n\t<article class=\"w-grid-item size_1x1 post-3116 post type-post status-publish format-standard has-post-thumbnail hentry category-news-es\" data-id=\"3116\">\r\n\t\t<div class=\"w-grid-item-h\">\r\n\t\t\t\t\t\t\t<a href=\"https:\/\/www.sodepac.com\/es\/pastilla-absordente-de-humedad\/\" class=\"w-grid-item-anchor\" aria-label=\"Pastilla absorbente de humedad: un producto estrella para las secciones de limpieza y hogar\"><\/a>\r\n\t\t\t\t\t\t<div class=\"w-post-elm post_image usg_post_image_1 has_ratio\"><img loading=\"lazy\" decoding=\"async\" width=\"600\" height=\"600\" src=\"https:\/\/www.sodepac.com\/wp-content\/uploads\/Ambiance-Bali-3-600x600.jpg\" class=\"attachment-us_600_600_crop size-us_600_600_crop wp-post-image\" alt=\"traitement de l&#039;humidit\u00e9\" \/><div style=\"padding-bottom:66.6667%\"><\/div><\/div><div class=\"w-post-elm post_taxonomy usg_post_taxonomy_1 style_badge color_link_inherit\"><span class=\"w-btn us-btn-style_5 term-35 term-news-es\"><span class=\"w-btn-label\">News<\/span><\/span><\/div><div class=\"w-vwrapper usg_vwrapper_1 align_none valign_top\"><h2 class=\"w-post-elm post_title usg_post_title_1 entry-title color_link_inherit\">Pastilla absorbente de humedad: un producto estrella para las secciones de limpieza y hogar<\/h2><div class=\"w-hwrapper usg_hwrapper_1 has_text_color align_none valign_top wrap\"><time class=\"w-post-elm post_date usg_post_date_1 entry-date published\" datetime=\"2025-05-07T17:17:10+02:00\" title=\"7 mayo 2025 a las 17:17:10 Europe\/Paris\">hace 12 meses<\/time><\/div><div class=\"w-post-elm post_content usg_post_content_1\">La humedad: un verdadero problema para los hogares Consecuencias visibles e invisibles Moho, malos olores, condensaci\u00f3n en las ventanas, deterioro&hellip;<\/div><\/div>\t\t<\/div>\r\n\t\t\t<\/article>\r\n\t<article class=\"w-grid-item size_1x1 post-2902 post type-post status-publish format-standard has-post-thumbnail hentry category-news-es\" data-id=\"2902\">\r\n\t\t<div class=\"w-grid-item-h\">\r\n\t\t\t\t\t\t\t<a href=\"https:\/\/www.sodepac.com\/es\/tratamiento-de-la-humedad-la-gama-seko\/\" class=\"w-grid-item-anchor\" aria-label=\"Tratamiento de la humedad: la gama SEKO\"><\/a>\r\n\t\t\t\t\t\t<div class=\"w-post-elm post_image usg_post_image_1 has_ratio\"><img loading=\"lazy\" decoding=\"async\" width=\"600\" height=\"600\" src=\"https:\/\/www.sodepac.com\/wp-content\/uploads\/Ambiance-Bali-3-600x600.jpg\" class=\"attachment-us_600_600_crop size-us_600_600_crop wp-post-image\" alt=\"traitement de l&#039;humidit\u00e9\" \/><div style=\"padding-bottom:66.6667%\"><\/div><\/div><div class=\"w-post-elm post_taxonomy usg_post_taxonomy_1 style_badge color_link_inherit\"><span class=\"w-btn us-btn-style_5 term-35 term-news-es\"><span class=\"w-btn-label\">News<\/span><\/span><\/div><div class=\"w-vwrapper usg_vwrapper_1 align_none valign_top\"><h2 class=\"w-post-elm post_title usg_post_title_1 entry-title color_link_inherit\">Tratamiento de la humedad: la gama SEKO<\/h2><div class=\"w-hwrapper usg_hwrapper_1 has_text_color align_none valign_top wrap\"><time class=\"w-post-elm post_date usg_post_date_1 entry-date published\" datetime=\"2025-04-16T12:19:37+02:00\" title=\"16 abril 2025 a las 12:19:37 Europe\/Paris\">hace 1 a\u00f1o<\/time><\/div><div class=\"w-post-elm post_content usg_post_content_1\">La humedad es un problema habitual tanto para los profesionales como para el d\u00eda a d\u00eda de todos. En los&hellip;<\/div><\/div>\t\t<\/div>\r\n\t\t\t<\/article>\r\n\t<article class=\"w-grid-item size_1x1 post-2884 post type-post status-publish format-standard has-post-thumbnail hentry category-news-es\" data-id=\"2884\">\r\n\t\t<div class=\"w-grid-item-h\">\r\n\t\t\t\t\t\t\t<a href=\"https:\/\/www.sodepac.com\/es\/en-que-se-diferencian-los-absorbentes-de-humedad-en-bolsa-y-en-pastilla\/\" class=\"w-grid-item-anchor\" aria-label=\"\u00bfEn qu\u00e9 se diferencian los absorbentes de humedad en bolsa y en pastilla?\"><\/a>\r\n\t\t\t\t\t\t<div class=\"w-post-elm post_image usg_post_image_1 has_ratio\"><img loading=\"lazy\" decoding=\"async\" width=\"1400\" height=\"1400\" src=\"https:\/\/www.sodepac.com\/wp-content\/uploads\/recharge-galet-perce-absorbeur-humidite.png\" class=\"attachment-us_600_600_crop size-us_600_600_crop wp-post-image\" alt=\"absorbeur d&#039;humidit\u00e9 sachet\" \/><div style=\"padding-bottom:66.6667%\"><\/div><\/div><div class=\"w-post-elm post_taxonomy usg_post_taxonomy_1 style_badge color_link_inherit\"><span class=\"w-btn us-btn-style_5 term-35 term-news-es\"><span class=\"w-btn-label\">News<\/span><\/span><\/div><div class=\"w-vwrapper usg_vwrapper_1 align_none valign_top\"><h2 class=\"w-post-elm post_title usg_post_title_1 entry-title color_link_inherit\">\u00bfEn qu\u00e9 se diferencian los absorbentes de humedad en bolsa y en pastilla?<\/h2><div class=\"w-hwrapper usg_hwrapper_1 has_text_color align_none valign_top wrap\"><time class=\"w-post-elm post_date usg_post_date_1 entry-date published\" datetime=\"2025-03-07T17:13:59+01:00\" title=\"7 marzo 2025 a las 17:13:59 Europe\/Paris\">hace 1 a\u00f1o<\/time><\/div><div class=\"w-post-elm post_content usg_post_content_1\">El exceso de humedad en un alojamiento puede acarrear muchos problemas, como la aparici\u00f3n de moho, malos olores y el&hellip;<\/div><\/div>\t\t<\/div>\r\n\t\t\t<\/article>\r\n\t<article class=\"w-grid-item size_1x1 post-2872 post type-post status-publish format-standard has-post-thumbnail hentry category-news-es\" data-id=\"2872\">\r\n\t\t<div class=\"w-grid-item-h\">\r\n\t\t\t\t\t\t\t<a href=\"https:\/\/www.sodepac.com\/es\/proteger-sus-mercancias-en-transito-las-mejores-soluciones-contra-la-humedad-en-los-contenedores\/\" class=\"w-grid-item-anchor\" aria-label=\"Proteger sus mercanc\u00edas en tr\u00e1nsito: las mejores soluciones contra la humedad en los contenedores\"><\/a>\r\n\t\t\t\t\t\t<div class=\"w-post-elm post_image usg_post_image_1 has_ratio\"><img loading=\"lazy\" decoding=\"async\" width=\"1400\" height=\"935\" src=\"https:\/\/www.sodepac.com\/wp-content\/uploads\/humidite-container-maritime.jpg\" class=\"attachment-us_600_600_crop size-us_600_600_crop wp-post-image\" alt=\"humidite container maritime\" \/><div style=\"padding-bottom:66.6667%\"><\/div><\/div><div class=\"w-post-elm post_taxonomy usg_post_taxonomy_1 style_badge color_link_inherit\"><span class=\"w-btn us-btn-style_5 term-35 term-news-es\"><span class=\"w-btn-label\">News<\/span><\/span><\/div><div class=\"w-vwrapper usg_vwrapper_1 align_none valign_top\"><h2 class=\"w-post-elm post_title usg_post_title_1 entry-title color_link_inherit\">Proteger sus mercanc\u00edas en tr\u00e1nsito: las mejores soluciones contra la humedad en los contenedores<\/h2><div class=\"w-hwrapper usg_hwrapper_1 has_text_color align_none valign_top wrap\"><time class=\"w-post-elm post_date usg_post_date_1 entry-date published\" datetime=\"2025-02-13T16:30:58+01:00\" title=\"13 febrero 2025 a las 16:30:58 Europe\/Paris\">hace 1 a\u00f1o<\/time><\/div><div class=\"w-post-elm post_content usg_post_content_1\">El transporte mar\u00edtimo es una soluci\u00f3n muy habitual para el env\u00edo de mercanc\u00edas a todo el mundo. Ahora bien, plantea&hellip;<\/div><\/div>\t\t<\/div>\r\n\t\t\t<\/article>\r\n\t<article class=\"w-grid-item size_1x1 post-2860 post type-post status-publish format-standard has-post-thumbnail hentry category-news-es\" data-id=\"2860\">\r\n\t\t<div class=\"w-grid-item-h\">\r\n\t\t\t\t\t\t\t<a href=\"https:\/\/www.sodepac.com\/es\/prevencion-y-tratamiento-de-la-humedad-de-las-paredes\/\" class=\"w-grid-item-anchor\" aria-label=\"Prevenci\u00f3n y tratamiento de la humedad de las paredes\"><\/a>\r\n\t\t\t\t\t\t<div class=\"w-post-elm post_image usg_post_image_1 has_ratio\"><img loading=\"lazy\" decoding=\"async\" width=\"2560\" height=\"1714\" src=\"https:\/\/www.sodepac.com\/wp-content\/uploads\/DSC_0015-scaled.jpg\" class=\"attachment-us_600_600_crop size-us_600_600_crop wp-post-image\" alt=\"traitement humidit\u00e9 mur\" \/><div style=\"padding-bottom:66.6667%\"><\/div><\/div><div class=\"w-post-elm post_taxonomy usg_post_taxonomy_1 style_badge color_link_inherit\"><span class=\"w-btn us-btn-style_5 term-35 term-news-es\"><span class=\"w-btn-label\">News<\/span><\/span><\/div><div class=\"w-vwrapper usg_vwrapper_1 align_none valign_top\"><h2 class=\"w-post-elm post_title usg_post_title_1 entry-title color_link_inherit\">Prevenci\u00f3n y tratamiento de la humedad de las paredes<\/h2><div class=\"w-hwrapper usg_hwrapper_1 has_text_color align_none valign_top wrap\"><time class=\"w-post-elm post_date usg_post_date_1 entry-date published\" datetime=\"2025-01-12T16:35:11+01:00\" title=\"12 enero 2025 a las 16:35:11 Europe\/Paris\">hace 1 a\u00f1o<\/time><\/div><div class=\"w-post-elm post_content usg_post_content_1\">La humedad de las paredes es un problema habitual, tanto en viviendas como en edificios profesionales, que puede provocar un&hellip;<\/div><\/div>\t\t<\/div>\r\n\t\t\t<\/article>\r\n\t<article class=\"w-grid-item size_1x1 post-2854 post type-post status-publish format-standard has-post-thumbnail hentry category-news-es\" data-id=\"2854\">\r\n\t\t<div class=\"w-grid-item-h\">\r\n\t\t\t\t\t\t\t<a href=\"https:\/\/www.sodepac.com\/es\/el-papel-del-cloruro-de-calcio-en-el-control-de-la-humedad\/\" class=\"w-grid-item-anchor\" aria-label=\"El papel del cloruro de calcio en el control de la humedad\"><\/a>\r\n\t\t\t\t\t\t<div class=\"w-post-elm post_image usg_post_image_1 has_ratio\"><img loading=\"lazy\" decoding=\"async\" width=\"1038\" height=\"1342\" src=\"https:\/\/www.sodepac.com\/wp-content\/uploads\/Capture-decran-2025-03-13-a-16.15.10.png\" class=\"attachment-us_600_600_crop size-us_600_600_crop wp-post-image\" alt=\"chlorure de calcium humidit\u00e9\" \/><div style=\"padding-bottom:66.6667%\"><\/div><\/div><div class=\"w-post-elm post_taxonomy usg_post_taxonomy_1 style_badge color_link_inherit\"><span class=\"w-btn us-btn-style_5 term-35 term-news-es\"><span class=\"w-btn-label\">News<\/span><\/span><\/div><div class=\"w-vwrapper usg_vwrapper_1 align_none valign_top\"><h2 class=\"w-post-elm post_title usg_post_title_1 entry-title color_link_inherit\">El papel del cloruro de calcio en el control de la humedad<\/h2><div class=\"w-hwrapper usg_hwrapper_1 has_text_color align_none valign_top wrap\"><time class=\"w-post-elm post_date usg_post_date_1 entry-date published\" datetime=\"2024-12-13T16:17:24+01:00\" title=\"13 diciembre 2024 a las 16:17:24 Europe\/Paris\">hace 1 a\u00f1o<\/time><\/div><div class=\"w-post-elm post_content usg_post_content_1\">El cloruro de calcio es un aliado imprescindible para controlar la humedad. Este compuesto qu\u00edmico, que se utiliza para absorber&hellip;<\/div><\/div>\t\t<\/div>\r\n\t\t\t<\/article>\r\n<\/div>\t<div class=\"w-grid-preloader\">\r\n\t\t<div class=\"g-preloader type_1\">\r\n\t\t\t<div><\/div>\r\n\t\t<\/div>\r\n\t<\/div>\r\n\t\t<div class=\"w-grid-json hidden\" onclick='return {&quot;action&quot;:&quot;us_ajax_grid&quot;,&quot;infinite_scroll&quot;:0,&quot;max_num_pages&quot;:1,&quot;pagination&quot;:&quot;none&quot;,&quot;template_vars&quot;:{&quot;columns&quot;:&quot;3&quot;,&quot;exclude_items&quot;:&quot;none&quot;,&quot;img_size&quot;:&quot;us_600_600_crop&quot;,&quot;ignore_items_size&quot;:0,&quot;items_layout&quot;:&quot;229&quot;,&quot;items_offset&quot;:&quot;1&quot;,&quot;load_animation&quot;:&quot;none&quot;,&quot;overriding_link&quot;:&quot;%7B%22type%22%3A%22post%22%7D&quot;,&quot;post_id&quot;:0,&quot;query_args&quot;:{&quot;post_type&quot;:[&quot;post&quot;],&quot;tax_query&quot;:[{&quot;taxonomy&quot;:&quot;category&quot;,&quot;field&quot;:&quot;slug&quot;,&quot;terms&quot;:[&quot;actualites&quot;]}],&quot;post_status&quot;:[&quot;publish&quot;,&quot;acf-disabled&quot;],&quot;posts_per_page&quot;:&quot;50&quot;},&quot;orderby_query_args&quot;:{&quot;orderby&quot;:{&quot;date&quot;:&quot;DESC&quot;}},&quot;type&quot;:&quot;grid&quot;,&quot;us_grid_post_type&quot;:&quot;post&quot;,&quot;us_grid_ajax_index&quot;:1,&quot;us_grid_filter_query_string&quot;:null,&quot;us_grid_index&quot;:1,&quot;page_args&quot;:[],&quot;lang&quot;:&quot;es&quot;}}'><\/div>\r\n\t<\/div><\/div><\/div><\/div><\/div><\/section>\n","protected":false},"excerpt":{"rendered":"El cloruro de calcio es un aliado imprescindible para controlar la humedad. Este compuesto qu\u00edmico, que se utiliza para absorber el agua que hay en el aire, se impone como una soluci\u00f3n eficaz para prevenir los problemas asociados a la humedad, tanto si se trata de proteger mercanc\u00edas como de garantizar un entorno saludable. Sodepac,...","protected":false},"author":1,"featured_media":0,"parent":0,"menu_order":0,"comment_status":"closed","ping_status":"closed","template":"","meta":{"_acf_changed":false,"footnotes":""},"class_list":["post-2591","page","type-page","status-publish","hentry"],"acf":[],"_links":{"self":[{"href":"https:\/\/www.sodepac.com\/es\/wp-json\/wp\/v2\/pages\/2591","targetHints":{"allow":["GET"]}}],"collection":[{"href":"https:\/\/www.sodepac.com\/es\/wp-json\/wp\/v2\/pages"}],"about":[{"href":"https:\/\/www.sodepac.com\/es\/wp-json\/wp\/v2\/types\/page"}],"author":[{"embeddable":true,"href":"https:\/\/www.sodepac.com\/es\/wp-json\/wp\/v2\/users\/1"}],"replies":[{"embeddable":true,"href":"https:\/\/www.sodepac.com\/es\/wp-json\/wp\/v2\/comments?post=2591"}],"version-history":[{"count":3,"href":"https:\/\/www.sodepac.com\/es\/wp-json\/wp\/v2\/pages\/2591\/revisions"}],"predecessor-version":[{"id":2594,"href":"https:\/\/www.sodepac.com\/es\/wp-json\/wp\/v2\/pages\/2591\/revisions\/2594"}],"wp:attachment":[{"href":"https:\/\/www.sodepac.com\/es\/wp-json\/wp\/v2\/media?parent=2591"}],"curies":[{"name":"wp","href":"https:\/\/api.w.org\/{rel}","templated":true}]}}