{"id":2550,"date":"2025-04-03T14:19:16","date_gmt":"2025-04-03T12:19:16","guid":{"rendered":"https:\/\/www.sodepac.com\/accompagnement-et-solutions-anti-humidite\/"},"modified":"2025-08-19T15:58:44","modified_gmt":"2025-08-19T13:58:44","slug":"acompanamiento-y-soluciones-contra-la-humedad","status":"publish","type":"page","link":"https:\/\/www.sodepac.com\/es\/acompanamiento-y-soluciones-contra-la-humedad\/","title":{"rendered":"Acompa\u00f1amiento"},"content":{"rendered":"<section class=\"l-section wpb_row us_custom_35219bc2 height_medium\"><div class=\"l-section-overlay\" style=\"background:rgba(1,2,15,0.29)\"><\/div><div class=\"l-section-h i-cf\"><div class=\"g-cols vc_row via_grid cols_1 laptops-cols_inherit tablets-cols_inherit mobiles-cols_1 valign_top type_default stacking_default\"><div class=\"wpb_column vc_column_container us_custom_60e9caca us_animate_this\"><div class=\"vc_column-inner\"><div class=\"w-separator size_large\"><\/div><div class=\"wpb_text_column us_custom_a647d57e has_text_color\"><div class=\"wpb_wrapper\"><h1><b>Un acompa\u00f1amiento personalizado para cada cliente<\/b><\/h1>\n<\/div><\/div><div class=\"wpb_text_column us_custom_6df4bc3a has_text_color\"><div class=\"wpb_wrapper\"><p><span style=\"font-weight: 400;\">En Sodepac International, estamos convencidos de que un buen producto no es suficiente. La calidad del acompa\u00f1amiento es lo que marca la diferencia. Desde hace casi 50 a\u00f1os, nuestra empresa familiar concede al contacto humano, la escucha y la agilidad una importancia primordial en su relaci\u00f3n con los clientes, tanto en Francia como en el extranjero. <\/span><\/p>\n<p><span style=\"font-weight: 400;\">Nuestro equipo le acompa\u00f1a en cada etapa de su desarrollo: definici\u00f3n de las necesidades, innovaci\u00f3n, fabricaci\u00f3n, almacenamiento e incluso puesta en pr\u00e1ctica y comercializaci\u00f3n, siempre con una gran capacidad de respuesta y un compromiso constante.<\/span><\/p>\n<\/div><\/div><\/div><\/div><\/div><\/div><\/section><section class=\"l-section wpb_row us_custom_c1ec38f8 height_medium\"><div class=\"l-section-h i-cf\"><div class=\"g-cols vc_row via_grid cols_2 laptops-cols_inherit tablets-cols_inherit mobiles-cols_1 valign_middle type_default reversed stacking_default\"><div class=\"wpb_column vc_column_container us_custom_60e9caca us_animate_this\"><div class=\"vc_column-inner\"><div class=\"wpb_text_column\"><div class=\"wpb_wrapper\"><h2><b>Equipos disponibles y presentes sobre el terreno<\/b><\/h2>\n<\/div><\/div><div class=\"w-separator size_small with_line width_30 thick_5 style_solid color_secondary align_center\"><div class=\"w-separator-h\"><\/div><\/div><div class=\"wpb_text_column\"><div class=\"wpb_wrapper\"><p><strong>La proximidad es un valor fundamental en Sodepac. Nuestros equipos le escuchan, son reactivos y se comprometen a responder a sus necesidades espec\u00edficas, proporcion\u00e1ndole respuestas claras y concretas.<\/strong><\/p>\n<p><span style=\"font-weight: 400;\">En Francia, nuestros ejecutivos de cuentas, comerciales y expertos en productos garantizan un seguimiento cercano, con visitas peri\u00f3dicas in situ para comprender sus problemas y garantizar un acompa\u00f1amiento \u00f3ptimo.<\/span><\/p>\n<p><span style=\"font-weight: 400;\">A nivel internacional, acudimos al encuentro de nuestros distribuidores y de sus clientes en las zonas de exportaci\u00f3n. Nuestros equipos viajan hasta los pa\u00edses socios para intercambiar opiniones con los equipos locales, visitar las instalaciones log\u00edsticas o industriales, y garantizar el uso adecuado de nuestros productos en contextos clim\u00e1ticos o log\u00edsticos a menudo exigentes. Estos intercambios nos permiten adaptar nuestras soluciones y reforzar la relaci\u00f3n de confianza con nuestros socios.<\/span><\/p>\n<\/div><\/div><div class=\"w-separator size_small\"><\/div><\/div><\/div><div class=\"wpb_column vc_column_container us_custom_47474b22 us_animate_this\"><div class=\"vc_column-inner\"><div class=\"w-image us_custom_f51e26ff style_circle has_ratio align_none\"><div class=\"w-image-h\"><div style=\"padding-bottom:100%\"><\/div><img decoding=\"async\" width=\"800\" height=\"800\" src=\"https:\/\/www.sodepac.com\/wp-content\/uploads\/sodepac-recrutement10-800x800.jpg\" class=\"attachment-us_800_800_crop size-us_800_800_crop\" alt=\"\" loading=\"lazy\" \/><\/div><\/div><\/div><\/div><\/div><\/div><\/section><section class=\"l-section wpb_row height_auto\"><div class=\"l-section-h i-cf\"><div class=\"g-cols vc_row via_grid cols_2 laptops-cols_inherit tablets-cols_inherit mobiles-cols_1 valign_middle type_default stacking_default\"><div class=\"wpb_column vc_column_container us_custom_4d4bac9f us_animate_this has_bg_color stretched\"><div class=\"vc_column-inner\"><\/div><\/div><div class=\"wpb_column vc_column_container us_custom_5180d512 us_animate_this\"><div class=\"vc_column-inner\"><div class=\"wpb_text_column\"><div class=\"wpb_wrapper\"><h2><b>\u00a0Innovaci\u00f3n de productos al servicio de las necesidades de los clientes<\/b><\/h2>\n<\/div><\/div><div class=\"w-separator size_small with_line width_30 thick_5 style_solid color_secondary align_center\"><div class=\"w-separator-h\"><\/div><\/div><div class=\"wpb_text_column\"><div class=\"wpb_wrapper\"><p><strong>Nuestra ambici\u00f3n va mucho m\u00e1s all\u00e1 del simple suministro de productos: construimos soluciones conjuntamente con nuestros clientes.<\/strong><\/p>\n<p><span style=\"font-weight: 400;\">En Sodepac, la innovaci\u00f3n es una ventaja estrat\u00e9gica. Gracias a nuestro departamento interno de I+D, desarrollamos productos cada vez m\u00e1s eficaces, m\u00e1s duraderos y mejor adaptados a los usos finales. Nuestros absorbentes de humedad y nuestras gamas complementarias est\u00e1n dise\u00f1ados para responder a las exigencias espec\u00edficas de cada sector: agroalimentario, electr\u00f3nico, log\u00edstico, bricolaje o gran p\u00fablico.<\/span><\/p>\n<\/div><\/div><\/div><\/div><\/div><\/div><\/section><section class=\"l-section wpb_row us_custom_59dcde88 height_medium color_primary\"><div class=\"l-section-h i-cf\"><div class=\"g-cols vc_row via_grid cols_2 laptops-cols_inherit tablets-cols_inherit mobiles-cols_1 valign_middle type_default stacking_default\"><div class=\"wpb_column vc_column_container us_custom_60e9caca us_animate_this\"><div class=\"vc_column-inner\"><div class=\"wpb_text_column\"><div class=\"wpb_wrapper\"><h2><b>\u00a0Una vigilancia constante para mantenerse a la vanguardia de la tecnolog\u00eda y la normativa<\/b><\/h2>\n<\/div><\/div><div class=\"w-separator size_small with_line width_30 thick_5 style_solid color_secondary align_center\"><div class=\"w-separator-h\"><\/div><\/div><div class=\"wpb_text_column\"><div class=\"wpb_wrapper\"><p><strong>El cumplimiento normativo y el rendimiento t\u00e9cnico son pilares fundamentales de nuestro compromiso. Nuestros equipos realizan una vigilancia permanente en cuanto a las normas europeas e internacionales en materia de seguridad, medio ambiente y transporte. Este seguimiento garantiza que todos nuestros productos cumplan con los requisitos vigentes en cada pa\u00eds en el que distribuimos nuestros productos.<\/strong><\/p>\n<p><span style=\"font-weight: 400;\">Asimismo, ponemos a disposici\u00f3n de nuestros socios y clientes documentaci\u00f3n t\u00e9cnica clara y actualizada: fichas t\u00e9cnicas, fichas de datos de seguridad, consejos de uso, instrucciones multiling\u00fces, etc. Estos soportes se actualizan peri\u00f3dicamente para proporcionarle la informaci\u00f3n m\u00e1s fiable en el momento adecuado.<\/span><\/p>\n<\/div><\/div><\/div><\/div><div class=\"wpb_column vc_column_container us_custom_d7fe9018 us_animate_this has_bg_color\"><div class=\"vc_column-inner\"><div class=\"wpb_text_column us_custom_74e066d2 has_text_color\"><div class=\"wpb_wrapper\"><p><strong>Y como un buen producto siempre va acompa\u00f1ado de buenas pr\u00e1cticas, proponemos formaciones t\u00e9cnicas a nuestros socios:<\/strong><\/p>\n<ul>\n<li style=\"font-weight: 400;\" aria-level=\"1\"><span style=\"font-weight: 400;\"><strong>Formaciones presenciales<\/strong> o a distancia para sus equipos comerciales, log\u00edsticos o t\u00e9cnicos<\/span><\/li>\n<li style=\"font-weight: 400;\" aria-level=\"1\"><span style=\"font-weight: 400;\"><strong>Sensibilizaci\u00f3n<\/strong> acerca de los desaf\u00edos de la humedad en sus procesos o en sus estantes<\/span><\/li>\n<li style=\"font-weight: 400;\" aria-level=\"1\"><span style=\"font-weight: 400;\"><strong>Buenas pr\u00e1cticas<\/strong> de almacenamiento, uso y presentaci\u00f3n en el punto de venta<\/span><\/li>\n<\/ul>\n<p><span style=\"font-weight: 400;\">Nuestros expertos est\u00e1n a su disposici\u00f3n para responder a todas sus preguntas t\u00e9cnicas o log\u00edsticas, con un seguimiento personalizado.<\/span><\/p>\n<\/div><\/div><\/div><\/div><\/div><\/div><\/section>\n","protected":false},"excerpt":{"rendered":"Un acompa\u00f1amiento personalizado para cada cliente En Sodepac International, estamos convencidos de que un buen producto no es suficiente. La calidad del acompa\u00f1amiento es lo que marca la diferencia. Desde hace casi 50 a\u00f1os, nuestra empresa familiar concede al contacto humano, la escucha y la agilidad una importancia primordial en su relaci\u00f3n con los clientes,...","protected":false},"author":1,"featured_media":0,"parent":0,"menu_order":0,"comment_status":"closed","ping_status":"closed","template":"","meta":{"_acf_changed":false,"footnotes":""},"class_list":["post-2550","page","type-page","status-publish","hentry"],"acf":[],"_links":{"self":[{"href":"https:\/\/www.sodepac.com\/es\/wp-json\/wp\/v2\/pages\/2550","targetHints":{"allow":["GET"]}}],"collection":[{"href":"https:\/\/www.sodepac.com\/es\/wp-json\/wp\/v2\/pages"}],"about":[{"href":"https:\/\/www.sodepac.com\/es\/wp-json\/wp\/v2\/types\/page"}],"author":[{"embeddable":true,"href":"https:\/\/www.sodepac.com\/es\/wp-json\/wp\/v2\/users\/1"}],"replies":[{"embeddable":true,"href":"https:\/\/www.sodepac.com\/es\/wp-json\/wp\/v2\/comments?post=2550"}],"version-history":[{"count":3,"href":"https:\/\/www.sodepac.com\/es\/wp-json\/wp\/v2\/pages\/2550\/revisions"}],"predecessor-version":[{"id":2553,"href":"https:\/\/www.sodepac.com\/es\/wp-json\/wp\/v2\/pages\/2550\/revisions\/2553"}],"wp:attachment":[{"href":"https:\/\/www.sodepac.com\/es\/wp-json\/wp\/v2\/media?parent=2550"}],"curies":[{"name":"wp","href":"https:\/\/api.w.org\/{rel}","templated":true}]}}