{"id":2534,"date":"2024-10-16T11:27:06","date_gmt":"2024-10-16T09:27:06","guid":{"rendered":"https:\/\/www.sodepac.com\/demarche-rse\/"},"modified":"2025-08-20T15:37:21","modified_gmt":"2025-08-20T13:37:21","slug":"enfoque-de-rse","status":"publish","type":"page","link":"https:\/\/www.sodepac.com\/es\/enfoque-de-rse\/","title":{"rendered":"RSE"},"content":{"rendered":"<section class=\"l-section wpb_row us_custom_e8f4a009 height_medium\"><div class=\"l-section-overlay\" style=\"background:rgba(1,2,15,0.29)\"><\/div><div class=\"l-section-h i-cf\"><div class=\"g-cols vc_row via_grid cols_1 laptops-cols_inherit tablets-cols_inherit mobiles-cols_1 valign_top type_default stacking_default\"><div class=\"wpb_column vc_column_container\"><div class=\"vc_column-inner\"><div class=\"w-separator size_large\"><\/div><div class=\"wpb_text_column us_custom_6df4bc3a has_text_color\"><div class=\"wpb_wrapper\"><h1>Nuestro enfoque de RSE<\/h1>\n<\/div><\/div><\/div><\/div><\/div><\/div><\/section><section class=\"l-section wpb_row height_medium\"><div class=\"l-section-h i-cf\"><div class=\"g-cols vc_row via_grid cols_1-2 laptops-cols_inherit tablets-cols_inherit mobiles-cols_1 valign_middle type_default stacking_default\"><div class=\"wpb_column vc_column_container us_custom_60e9caca us_animate_this\"><div class=\"vc_column-inner\"><div class=\"w-image us_custom_f51e26ff style_circle align_none\"><div class=\"w-image-h\"><img decoding=\"async\" width=\"600\" height=\"600\" src=\"https:\/\/www.sodepac.com\/wp-content\/uploads\/sodepac-rse-600x600.jpg\" class=\"attachment-us_600_600_crop size-us_600_600_crop\" alt=\"\" loading=\"lazy\" srcset=\"https:\/\/www.sodepac.com\/wp-content\/uploads\/sodepac-rse-600x600.jpg 600w, https:\/\/www.sodepac.com\/wp-content\/uploads\/sodepac-rse-150x150.jpg 150w\" sizes=\"auto, (max-width: 600px) 100vw, 600px\" \/><\/div><\/div><\/div><\/div><div class=\"wpb_column vc_column_container us_custom_47474b22 us_animate_this\"><div class=\"vc_column-inner\"><div class=\"wpb_text_column us_custom_84d65080 has_text_color\"><div class=\"wpb_wrapper\"><h2>SODEPAC, \u00a1una empresa comprometida con un futuro sostenible!<\/h2>\n<p><strong>En SODEPAC estamos convencidos de que su salud y la del planeta est\u00e1n estrechamente relacionadas.<\/strong><\/p>\n<p>Pionera hist\u00f3rica en el campo de los absorbentes de humedad, SODEPAC lleva m\u00e1s de 40 a\u00f1os luchando cada d\u00eda contra la humedad en sus hogares. Pero esta no es nuestra \u00fanica lucha. En un mundo que se enfrenta al calentamiento global y a retos medioambientales y sociales, es natural que nos comprometamos a desarrollar productos cada vez m\u00e1s innovadores y ecol\u00f3gicos, respetando al mismo tiempo el bienestar de todos.<\/p>\n<\/div><\/div><\/div><\/div><\/div><\/div><\/section><section class=\"l-section wpb_row us_custom_4eae6efe has_text_color height_medium\"><div class=\"l-section-h i-cf\"><div class=\"g-cols vc_row via_grid cols_1 laptops-cols_inherit tablets-cols_inherit mobiles-cols_1 valign_top type_default stacking_default\"><div class=\"wpb_column vc_column_container us_custom_60e9caca us_animate_this\"><div class=\"vc_column-inner\"><div class=\"w-hwrapper valign_middle stack_on_mobiles align_center\" style=\"--hwrapper-gap:3rem\"><div class=\"w-counter us_custom_3f53ade3 color_text align_center\" id=\"counter\" data-duration=\"2\"><div class=\"w-counter-value\"><span class=\"w-counter-value-part type_text\" data-final=\"\"><\/span><span class=\"w-counter-value-part type_number\" data-final=\"90\">1<\/span><span class=\"w-counter-value-part type_text\" data-final=\"%\">%<\/span><\/div><p class=\"w-counter-title\">de nuestros productos son reciclables o biodegradables<\/p><\/div><div class=\"w-vwrapper us_custom_ecc8d5e1 hide_on_mobiles align_none valign_top\"><\/div><div class=\"w-counter us_custom_3f53ade3 color_text align_center\" id=\"counter\" data-duration=\"2\"><div class=\"w-counter-value\"><span class=\"w-counter-value-part type_text\" data-final=\"\"><\/span><span class=\"w-counter-value-part type_number\" data-final=\"100\">1<\/span><span class=\"w-counter-value-part type_text\" data-final=\"%\">%<\/span><\/div><p class=\"w-counter-title\">de nuestros envases se fabrican en la regi\u00f3n de Hauts-de-France.<\/p><\/div><div class=\"w-vwrapper us_custom_ecc8d5e1 hide_on_mobiles align_none valign_top\"><\/div><div class=\"w-counter us_custom_3f53ade3 color_text align_center\" id=\"counter\" data-duration=\"2\"><div class=\"w-counter-value\"><span class=\"w-counter-value-part type_text\" data-final=\"\"><\/span><span class=\"w-counter-value-part type_number\" data-final=\"4\">1<\/span><span class=\"w-counter-value-part type_text\" data-final=\" ESAT\"> ESAT<\/span><\/div><p class=\"w-counter-title\">Establecimiento y servicio de Ayuda por el Trabajo<\/p><\/div><\/div><\/div><\/div><\/div><\/div><\/section><section class=\"l-section wpb_row height_medium\"><div class=\"l-section-h i-cf\"><div class=\"g-cols vc_row via_grid cols_2 laptops-cols_inherit tablets-cols_inherit mobiles-cols_1 valign_middle type_default stacking_default\"><div class=\"wpb_column vc_column_container us_custom_60e9caca us_animate_this\"><div class=\"vc_column-inner\"><div class=\"wpb_text_column us_custom_84d65080 has_text_color\"><div class=\"wpb_wrapper\"><h2>Producir m\u00e1s y tirar menos<\/h2>\n<\/div><\/div><div class=\"w-separator size_small\"><\/div><div class=\"wpb_text_column us_custom_84d65080 has_text_color\"><div class=\"wpb_wrapper\"><p><strong>Estamos decididos a cambiar las cosas. Y eso comienza desde la fase de reflexi\u00f3n de un nuevo producto.<\/strong><\/p>\n<p>Consideramos cada fase del desarrollo de un absorbedor de humedad desde un punto de vista ecol\u00f3gico, seleccionando cuidadosamente las materias primas. De hecho, el 50 % del volumen anual de cloruro de calcio utilizado por SODEPAC, la principal materia prima natural para la fabricaci\u00f3n de nuestros absorbedores, es un residuo reciclado de la fabricaci\u00f3n de bicarbonato s\u00f3dico. Por lo tanto, reutilizamos estos residuos para fabricar nuestras recargas de bolitas. Fomentar la reutilizaci\u00f3n de los recursos es nuestro objetivo com\u00fan. Adem\u00e1s, nuestros productos ya son ecol\u00f3gicos, ya que los absorbedores de humedad no necesitan ninguna fuente de energ\u00eda.<\/p>\n<\/div><\/div><\/div><\/div><div class=\"wpb_column vc_column_container us_custom_47474b22 us_animate_this\"><div class=\"vc_column-inner\"><div class=\"wpb_text_column us_custom_84d65080 has_text_color\"><div class=\"wpb_wrapper\"><p>Tambi\u00e9n reducimos cada a\u00f1o nuestra huella de carbono, disminuyendo el transporte mar\u00edtimo y favoreciendo el transporte ferroviario, que es el medio de transporte menos contaminante. Adem\u00e1s, verificamos constantemente los compromisos medioambientales de nuestros cuatro principales proveedores, ya que es nuestra responsabilidad.<\/p>\n<p>Cabe destacar tambi\u00e9n que la flota de veh\u00edculos de la empresa est\u00e1 compuesta \u00edntegramente por coches franceses, entre los que se incluyen dos coches el\u00e9ctricos.<\/p>\n<p>Por \u00faltimo, reducir el volumen de nuestros residuos es parte de nuestras obligaciones. El reciclaje de cart\u00f3n, madera y pl\u00e1stico se ha optimizado considerablemente. As\u00ed, para una facturaci\u00f3n de 1000 \u20ac, hemos pasado de 5,27 kg de residuos en 2016 a 4,53 kg en 2018 (fuente: PAPREC). Y la situaci\u00f3n no hace m\u00e1s que mejorar.<\/p>\n<\/div><\/div><\/div><\/div><\/div><\/div><\/section><section class=\"l-section wpb_row us_custom_7b789d13 height_medium\"><div class=\"l-section-h i-cf\"><div class=\"g-cols vc_row via_grid cols_1 laptops-cols_inherit tablets-cols_inherit mobiles-cols_1 valign_top type_default stacking_default\"><div class=\"wpb_column vc_column_container\"><div class=\"vc_column-inner\"><div class=\"wpb_text_column us_custom_84d65080 has_text_color\"><div class=\"wpb_wrapper\"><h3 style=\"text-align: center;\">Los resultados concretos de esta iniciativa son impresionantes.<\/h3>\n<\/div><\/div><div class=\"wpb_text_column us_custom_84d65080 has_text_color\"><div class=\"wpb_wrapper\"><p style=\"text-align: center;\"><span style=\"font-weight: 400;\">en 2023, a trav\u00e9s de la empresa Paprec, SODEPAC recogi\u00f3 y recicl\u00f3:<\/span><\/p>\n<\/div><\/div><div class=\"w-separator size_medium\"><\/div><div class=\"g-cols wpb_row via_grid cols_4 laptops-cols_inherit tablets-cols_2 mobiles-cols_1 valign_top type_default stacking_default\" style=\"--columns-gap:3rem;\"><div class=\"wpb_column vc_column_container us_custom_4fb9e5a3 has_bg_color\"><div class=\"vc_column-inner\"><div class=\"w-counter us_custom_2b349d51 has_text_color color_text align_center\" id=\"counter\" data-duration=\"1\"><div class=\"w-counter-value\"><span class=\"w-counter-value-part type_text\" data-final=\"\"><\/span><span class=\"w-counter-value-part type_number\" data-final=\"20,16\">0<\/span><span class=\"w-counter-value-part type_text\" data-final=\"\"><\/span><\/div><p class=\"w-counter-title\">toneladas de pl\u00e1stico<\/p><\/div><\/div><\/div><div class=\"wpb_column vc_column_container us_custom_4fb9e5a3 has_bg_color\"><div class=\"vc_column-inner\"><div class=\"w-counter us_custom_2b349d51 has_text_color color_text align_center\" id=\"counter\" data-duration=\"1\"><div class=\"w-counter-value\"><span class=\"w-counter-value-part type_text\" data-final=\"\"><\/span><span class=\"w-counter-value-part type_number\" data-final=\"42,32\">0<\/span><span class=\"w-counter-value-part type_text\" data-final=\"\"><\/span><\/div><p class=\"w-counter-title\">toneladas de cart\u00f3n<\/p><\/div><\/div><\/div><div class=\"wpb_column vc_column_container us_custom_4fb9e5a3 has_bg_color\"><div class=\"vc_column-inner\"><div class=\"w-counter us_custom_2b349d51 has_text_color color_text align_center\" id=\"counter\" data-duration=\"1\"><div class=\"w-counter-value\"><span class=\"w-counter-value-part type_text\" data-final=\"\"><\/span><span class=\"w-counter-value-part type_number\" data-final=\"24,54\">0<\/span><span class=\"w-counter-value-part type_text\" data-final=\"\"><\/span><\/div><p class=\"w-counter-title\">toneladas de madera<\/p><\/div><\/div><\/div><div class=\"wpb_column vc_column_container us_custom_4fb9e5a3 has_bg_color\"><div class=\"vc_column-inner\"><div class=\"w-counter us_custom_2b349d51 has_text_color color_text align_center\" id=\"counter\" data-duration=\"1\"><div class=\"w-counter-value\"><span class=\"w-counter-value-part type_text\" data-final=\"\"><\/span><span class=\"w-counter-value-part type_number\" data-final=\"6,39\">0<\/span><span class=\"w-counter-value-part type_text\" data-final=\"\"><\/span><\/div><p class=\"w-counter-title\">toneladas de chatarra<\/p><\/div><\/div><\/div><\/div><div class=\"w-separator size_medium\"><\/div><div class=\"wpb_text_column us_custom_84d65080 has_text_color\"><div class=\"wpb_wrapper\"><p><span style=\"font-weight: 400;\">Estos esfuerzos han permitido preservar m\u00e1s de 2350\u00a0m\u00b3 de agua, ahorrar cerca de 580\u00a0MWh de energ\u00eda y reducir significativamente las emisiones de CO\u2082. La empresa tambi\u00e9n colabora con 4\u00a0ESAT (centros de rehabilitaci\u00f3n profesional) y una prisi\u00f3n, los cuales participan activamente en la fabricaci\u00f3n de sus productos, reforzando as\u00ed su impacto social y solidario.<\/span><\/p>\n<p><span style=\"font-weight: 400;\">A trav\u00e9s de estos compromisos concretos y cuantificables, SODEPAC demuestra que innovaci\u00f3n y responsabilidad medioambiental pueden ir de la mano. Al obtener la certificaci\u00f3n FSC\u00ae y cumplir sus normas, la empresa consolida su papel de l\u00edder comprometido con la transici\u00f3n ecol\u00f3gica, al tiempo que ofrece soluciones cada vez m\u00e1s sostenibles a sus clientes.<\/span><\/p>\n<\/div><\/div><\/div><\/div><\/div><\/div><\/section><section class=\"l-section wpb_row height_medium\"><div class=\"l-section-h i-cf\"><div class=\"g-cols vc_row via_grid cols_1 laptops-cols_inherit tablets-cols_inherit mobiles-cols_1 valign_top type_default stacking_default\"><div class=\"wpb_column vc_column_container\"><div class=\"vc_column-inner\"><div class=\"g-cols wpb_row us_custom_95476cfb has_text_color via_grid cols_1 laptops-cols_inherit tablets-cols_1 mobiles-cols_1 valign_middle type_default stacking_default\" style=\"--columns-gap:3rem;\"><div class=\"wpb_column vc_column_container\"><div class=\"vc_column-inner\"><div class=\"w-hwrapper valign_top stack_on_mobiles align_none\"><div data-us-scroll=\"{&quot;from_initial_position&quot;:&quot;0&quot;,&quot;start_position&quot;:&quot;20%&quot;,&quot;end_position&quot;:&quot;75%&quot;,&quot;delay&quot;:&quot;0.1s&quot;,&quot;translate_y_direction&quot;:&quot;up&quot;,&quot;translate_y_speed&quot;:&quot;0.3x&quot;}\" class=\"w-image us_custom_287f481c hide_on_tablets has_scroll_effects has_translate_y align_none\"><div class=\"w-image-h\"><img decoding=\"async\" width=\"1000\" height=\"1200\" src=\"https:\/\/www.sodepac.com\/wp-content\/uploads\/sodepac-equipe.webp\" class=\"attachment-full size-full\" alt=\"\" loading=\"lazy\" srcset=\"https:\/\/www.sodepac.com\/wp-content\/uploads\/sodepac-equipe.webp 1000w, https:\/\/www.sodepac.com\/wp-content\/uploads\/sodepac-equipe-250x300.webp 250w, https:\/\/www.sodepac.com\/wp-content\/uploads\/sodepac-equipe-853x1024.webp 853w\" sizes=\"auto, (max-width: 1000px) 100vw, 1000px\" \/><\/div><\/div><div class=\"w-image us_custom_7dae295a hide_on_default hide_on_laptops hide_on_mobiles align_none\"><div class=\"w-image-h\"><img decoding=\"async\" width=\"1000\" height=\"1200\" src=\"https:\/\/www.sodepac.com\/wp-content\/uploads\/sodepac-equipe.webp\" class=\"attachment-full size-full\" alt=\"\" loading=\"lazy\" srcset=\"https:\/\/www.sodepac.com\/wp-content\/uploads\/sodepac-equipe.webp 1000w, https:\/\/www.sodepac.com\/wp-content\/uploads\/sodepac-equipe-250x300.webp 250w, https:\/\/www.sodepac.com\/wp-content\/uploads\/sodepac-equipe-853x1024.webp 853w\" sizes=\"auto, (max-width: 1000px) 100vw, 1000px\" \/><\/div><\/div><div class=\"w-vwrapper us_custom_8e0c6aae us_animate_this align_none valign_top\"><div class=\"wpb_text_column us_custom_68f546f6 has_text_color\"><div class=\"wpb_wrapper\"><h2>El ser humano como motor del \u00e9xito<\/h2>\n<\/div><\/div><div class=\"wpb_text_column us_custom_6df4bc3a has_text_color\"><div class=\"wpb_wrapper\"><p>Las personas son el centro de nuestro compromiso. Cada d\u00eda trabajamos al servicio de millones de personas para mejorar su salud mediante el tratamiento de la humedad. El bienestar de nuestros empleados tambi\u00e9n es nuestra prioridad. Ante todo, les ofrecemos condiciones de trabajo seguras y fomentamos un estilo de vida equilibrado. El 95 % de nuestros 50 empleados vive a menos de 20 km de su lugar de trabajo.<\/p>\n<p>Con nuestros equipos, ponemos en marcha pr\u00e1cticas sociales como la recogida de tapones de pl\u00e1stico para la asociaci\u00f3n \u00abBouchons d&#8217;Amour\u00bb o la instalaci\u00f3n del motor de b\u00fasqueda franc\u00e9s \u00abLilo\u00bb, que permite distribuir los ingresos publicitarios que generan a una asociaci\u00f3n que les importa.<\/p>\n<\/div><\/div><\/div><\/div><\/div><\/div><\/div><\/div><\/div><\/div><\/div><\/section><section class=\"l-section wpb_row us_custom_a1368924 height_large color_primary\"><div class=\"l-section-overlay\" style=\"background:rgba(1,2,15,0.63)\"><\/div><div class=\"l-section-h i-cf\"><div class=\"g-cols vc_row via_grid cols_2 laptops-cols_inherit tablets-cols_inherit mobiles-cols_1 valign_middle type_default stacking_default\"><div class=\"wpb_column vc_column_container us_custom_7e20fa79 us_animate_this\"><div class=\"vc_column-inner\"><div class=\"wpb_text_column\"><div class=\"wpb_wrapper\"><h2>Planeta Emergencia<\/h2>\n<\/div><\/div><div class=\"w-separator size_small\"><\/div><div class=\"wpb_text_column\"><div class=\"wpb_wrapper\"><p>En SEKO, el respeto por el medio ambiente es una parte integral del desarrollo de nuestros productos. Lo conseguimos gracias a nuestra decisi\u00f3n de colaborar con socios que comparten los mismos valores ecol\u00f3gicos que nosotros. Por eso, SEKO y la asociaci\u00f3n Plan\u00e8te Urgence se han unido desde 2019 para crear un mundo mejor.<\/p>\n<p>Plan\u00e8te Urgence es una asociaci\u00f3n de solidaridad internacional fundada en 2000 y reconocida de utilidad p\u00fablica en 2019. Su objetivo es reforzar la autonom\u00eda de las poblaciones locales en \u00c1frica, Asia, Europa mediterr\u00e1nea, Sudam\u00e9rica y el Caribe. Tambi\u00e9n participa en la protecci\u00f3n del medio ambiente.<\/p>\n<\/div><\/div><\/div><\/div><div class=\"wpb_column vc_column_container us_custom_60e9caca us_animate_this\"><div class=\"vc_column-inner\"><div class=\"w-image us_custom_c578af93 align_none\"><div class=\"w-image-h\"><img decoding=\"async\" width=\"800\" height=\"500\" src=\"https:\/\/www.sodepac.com\/wp-content\/uploads\/planete-urgence.png\" class=\"attachment-large size-large\" alt=\"\" loading=\"lazy\" srcset=\"https:\/\/www.sodepac.com\/wp-content\/uploads\/planete-urgence.png 800w, https:\/\/www.sodepac.com\/wp-content\/uploads\/planete-urgence-300x188.png 300w\" sizes=\"auto, (max-width: 800px) 100vw, 800px\" \/><\/div><\/div><div class=\"w-tabs us_custom_de0c5d45 style_default switch_click accordion\" style=\"--sections-title-size:inherit\" id=\"rsetab\"><div class=\"w-tabs-sections titles-align_none icon_chevron cpos_right\"><div class=\"w-tabs-section\" id=\"e368\"><button class=\"w-tabs-section-header with_icon\" aria-controls=\"content-e368\" aria-expanded=\"false\"><i class=\"fas fa-hands-helping\"><\/i><div class=\"w-tabs-section-title\">Sus acciones son numerosas<\/div><div class=\"w-tabs-section-control\"><\/div><\/button><div  class=\"w-tabs-section-content\" id=\"content-e368\"><div class=\"w-tabs-section-content-h i-cf\"><div class=\"wpb_text_column\"><div class=\"wpb_wrapper\"><ul>\n<li>Acceso a la formaci\u00f3n profesional para adultos.<\/li>\n<li>Apoyo socioeducativo para los j\u00f3venes.<\/li>\n<li>Protecci\u00f3n de la biodiversidad a trav\u00e9s de proyectos de reforestaci\u00f3n.<\/li>\n<li>Sensibilizaci\u00f3n de los habitantes locales sobre la protecci\u00f3n del medio ambiente.<\/li>\n<\/ul>\n<\/div><\/div><\/div><\/div><\/div><div class=\"w-tabs-section\" id=\"t4ea\"><button class=\"w-tabs-section-header with_icon\" aria-controls=\"content-t4ea\" aria-expanded=\"false\"><i class=\"fas fa-check\"><\/i><div class=\"w-tabs-section-title\">Plan\u00e8te urgence en cifras es :<\/div><div class=\"w-tabs-section-control\"><\/div><\/button><div  class=\"w-tabs-section-content\" id=\"content-t4ea\"><div class=\"w-tabs-section-content-h i-cf\"><div class=\"wpb_text_column\"><div class=\"wpb_wrapper\"><ul>\n<li><strong>10 000<\/strong> voluntarios participantes<\/li>\n<li><strong>340<\/strong> socios locales<\/li>\n<li><strong>8 000 000<\/strong> \u00e1rboles plantados<\/li>\n<li><strong>112 828<\/strong> kits escolares distribuidos<\/li>\n<\/ul>\n<\/div><\/div><\/div><\/div><\/div><div class=\"w-tabs-section\" id=\"e633\"><button class=\"w-tabs-section-header with_icon\" aria-controls=\"content-e633\" aria-expanded=\"false\"><i class=\"fas fa-trees\"><\/i><div class=\"w-tabs-section-title\">\u00a1 Reforestemos los bosques en peligro !<\/div><div class=\"w-tabs-section-control\"><\/div><\/button><div  class=\"w-tabs-section-content\" id=\"content-e633\"><div class=\"w-tabs-section-content-h i-cf\"><div class=\"wpb_text_column\"><div class=\"wpb_wrapper\"><p>Cada \u00e1rbol plantado produce ox\u00edgeno, contribuye a la protecci\u00f3n de la fauna y la flora, regula el ciclo del agua, favorece el equilibrio clim\u00e1tico&#8230; Ese es el objetivo de nuestra reciente colaboraci\u00f3n con la asociaci\u00f3n Plan\u00e8te Urgence: luchar de forma sostenible contra la deforestaci\u00f3n y preservar la naturaleza.<\/p>\n<p>Desde 2019, nuestra colaboraci\u00f3n con Plan\u00e8te Urgence ha permitido replantar 30 000 anacardos (\u00e1rboles de anacardo) en el parque de B\u00e9nou\u00e9, en la regi\u00f3n norte de Camer\u00fan, en \u00c1frica Central.<\/p>\n<\/div><\/div><\/div><\/div><\/div><\/div><\/div><\/div><\/div><\/div><\/div><\/section><section class=\"l-section wpb_row height_medium\"><div class=\"l-section-h i-cf\"><div class=\"g-cols vc_row via_grid cols_2 laptops-cols_inherit tablets-cols_inherit mobiles-cols_1 valign_middle type_default stacking_default\"><div class=\"wpb_column vc_column_container\"><div class=\"vc_column-inner\"><div class=\"w-image us_custom_175e3bc5 us_animate_this align_none\"><div class=\"w-image-h\"><img decoding=\"async\" width=\"600\" height=\"800\" src=\"https:\/\/www.sodepac.com\/wp-content\/uploads\/Ambiance-Bali-3-scaled.jpg\" class=\"attachment-us_800_800_crop size-us_800_800_crop\" alt=\"traitement de l&#039;humidit\u00e9\" loading=\"lazy\" srcset=\"https:\/\/www.sodepac.com\/wp-content\/uploads\/Ambiance-Bali-3-scaled.jpg 1920w, https:\/\/www.sodepac.com\/wp-content\/uploads\/Ambiance-Bali-3-225x300.jpg 225w, https:\/\/www.sodepac.com\/wp-content\/uploads\/Ambiance-Bali-3-768x1024.jpg 768w\" sizes=\"auto, (max-width: 600px) 100vw, 600px\" \/><\/div><\/div><\/div><\/div><div class=\"wpb_column vc_column_container us_custom_47474b22 us_animate_this\"><div class=\"vc_column-inner\"><div class=\"wpb_text_column us_custom_cbc2f438 has_text_color\"><div class=\"wpb_wrapper\"><h2>El absorbedor de madera Bali<\/h2>\n<\/div><\/div><div class=\"w-separator size_small\"><\/div><div class=\"wpb_text_column us_custom_84d65080 has_text_color\"><div class=\"wpb_wrapper\"><p>Un ejemplo perfecto de nuestra filosof\u00eda es nuestro absorbedor de madera Bali, compuesto solo por un 28 % de pl\u00e1stico, frente al 100 % de un absorbedor est\u00e1ndar. El absorbedor de humedad se convierte en un accesorio decorativo, \u00fatil, est\u00e9tico y respetuoso con el medio ambiente.<\/p>\n<\/div><\/div><div class=\"w-separator size_small\"><\/div><div class=\"w-btn-wrapper align_none\"><a class=\"w-btn us-btn-style_8\" href=\"https:\/\/www.sodepac.com\/es\/produits\/absorbente-de-humedad-mini-bali-seko\/\"><span class=\"w-btn-label\">Ver el producto<\/span><\/a><\/div><\/div><\/div><\/div><\/div><\/section>\n","protected":false},"excerpt":{"rendered":"Nuestro enfoque de RSE SODEPAC, \u00a1una empresa comprometida con un futuro sostenible! En SODEPAC estamos convencidos de que su salud y la del planeta est\u00e1n estrechamente relacionadas. Pionera hist\u00f3rica en el campo de los absorbentes de humedad, SODEPAC lleva m\u00e1s de 40 a\u00f1os luchando cada d\u00eda contra la humedad en sus hogares. Pero esta no...","protected":false},"author":1,"featured_media":534,"parent":0,"menu_order":0,"comment_status":"closed","ping_status":"closed","template":"","meta":{"_acf_changed":false,"footnotes":""},"class_list":["post-2534","page","type-page","status-publish","has-post-thumbnail","hentry"],"acf":[],"_links":{"self":[{"href":"https:\/\/www.sodepac.com\/es\/wp-json\/wp\/v2\/pages\/2534","targetHints":{"allow":["GET"]}}],"collection":[{"href":"https:\/\/www.sodepac.com\/es\/wp-json\/wp\/v2\/pages"}],"about":[{"href":"https:\/\/www.sodepac.com\/es\/wp-json\/wp\/v2\/types\/page"}],"author":[{"embeddable":true,"href":"https:\/\/www.sodepac.com\/es\/wp-json\/wp\/v2\/users\/1"}],"replies":[{"embeddable":true,"href":"https:\/\/www.sodepac.com\/es\/wp-json\/wp\/v2\/comments?post=2534"}],"version-history":[{"count":4,"href":"https:\/\/www.sodepac.com\/es\/wp-json\/wp\/v2\/pages\/2534\/revisions"}],"predecessor-version":[{"id":2694,"href":"https:\/\/www.sodepac.com\/es\/wp-json\/wp\/v2\/pages\/2534\/revisions\/2694"}],"wp:featuredmedia":[{"embeddable":true,"href":"https:\/\/www.sodepac.com\/es\/wp-json\/wp\/v2\/media\/534"}],"wp:attachment":[{"href":"https:\/\/www.sodepac.com\/es\/wp-json\/wp\/v2\/media?parent=2534"}],"curies":[{"name":"wp","href":"https:\/\/api.w.org\/{rel}","templated":true}]}}