{"id":2206,"date":"2024-10-16T11:27:06","date_gmt":"2024-10-16T09:27:06","guid":{"rendered":"https:\/\/www.sodepac.com\/demarche-rse\/"},"modified":"2025-09-02T10:57:16","modified_gmt":"2025-09-02T08:57:16","slug":"csr-approach","status":"publish","type":"page","link":"https:\/\/www.sodepac.com\/en\/csr-approach\/","title":{"rendered":"CSR"},"content":{"rendered":"<section class=\"l-section wpb_row us_custom_e8f4a009 height_medium\"><div class=\"l-section-overlay\" style=\"background:rgba(1,2,15,0.29)\"><\/div><div class=\"l-section-h i-cf\"><div class=\"g-cols vc_row via_grid cols_1 laptops-cols_inherit tablets-cols_inherit mobiles-cols_1 valign_top type_default stacking_default\"><div class=\"wpb_column vc_column_container\"><div class=\"vc_column-inner\"><div class=\"w-separator size_large\"><\/div><div class=\"wpb_text_column us_custom_6df4bc3a has_text_color\"><div class=\"wpb_wrapper\"><h1>Our CSR approach<\/h1>\n<\/div><\/div><\/div><\/div><\/div><\/div><\/section><section class=\"l-section wpb_row height_medium\"><div class=\"l-section-h i-cf\"><div class=\"g-cols vc_row via_grid cols_1-2 laptops-cols_inherit tablets-cols_inherit mobiles-cols_1 valign_middle type_default stacking_default\"><div class=\"wpb_column vc_column_container us_custom_60e9caca us_animate_this\"><div class=\"vc_column-inner\"><div class=\"w-image us_custom_f51e26ff style_circle align_none\"><div class=\"w-image-h\"><img decoding=\"async\" width=\"600\" height=\"600\" src=\"https:\/\/www.sodepac.com\/wp-content\/uploads\/sodepac-rse-600x600.jpg\" class=\"attachment-us_600_600_crop size-us_600_600_crop\" alt=\"\" loading=\"lazy\" srcset=\"https:\/\/www.sodepac.com\/wp-content\/uploads\/sodepac-rse-600x600.jpg 600w, https:\/\/www.sodepac.com\/wp-content\/uploads\/sodepac-rse-150x150.jpg 150w\" sizes=\"auto, (max-width: 600px) 100vw, 600px\" \/><\/div><\/div><\/div><\/div><div class=\"wpb_column vc_column_container us_custom_47474b22 us_animate_this\"><div class=\"vc_column-inner\"><div class=\"wpb_text_column us_custom_84d65080 has_text_color\"><div class=\"wpb_wrapper\"><h2><strong>At SODEPAC, we firmly believe that your health and that of the planet are closely linked.<\/strong><\/h2>\n<p>As a long-standing pioneer in moisture absorption, SODEPAC has been working tirelessly for over 40 years to combat damp in your homes. But this is not our only battle. In a world facing global warming and environmental and societal challenges, we are naturally committed to developing increasingly innovative and eco-responsible products, while respecting the well-being of everyone.<\/p>\n<\/div><\/div><\/div><\/div><\/div><\/div><\/section><section class=\"l-section wpb_row us_custom_4eae6efe has_text_color height_medium\"><div class=\"l-section-h i-cf\"><div class=\"g-cols vc_row via_grid cols_1 laptops-cols_inherit tablets-cols_inherit mobiles-cols_1 valign_top type_default stacking_default\"><div class=\"wpb_column vc_column_container us_custom_60e9caca us_animate_this\"><div class=\"vc_column-inner\"><div class=\"w-hwrapper valign_middle stack_on_mobiles align_center\" style=\"--hwrapper-gap:3rem\"><div class=\"w-counter us_custom_3f53ade3 color_text align_center\" id=\"counter\" data-duration=\"2\"><div class=\"w-counter-value\"><span class=\"w-counter-value-part type_text\" data-final=\"\"><\/span><span class=\"w-counter-value-part type_number\" data-final=\"90\">1<\/span><span class=\"w-counter-value-part type_text\" data-final=\"%\">%<\/span><\/div><p class=\"w-counter-title\">of our products are recyclable or biodegradable<\/p><\/div><div class=\"w-vwrapper us_custom_ecc8d5e1 hide_on_mobiles align_none valign_top\"><\/div><div class=\"w-counter us_custom_3f53ade3 color_text align_center\" id=\"counter\" data-duration=\"2\"><div class=\"w-counter-value\"><span class=\"w-counter-value-part type_text\" data-final=\"\"><\/span><span class=\"w-counter-value-part type_number\" data-final=\"100\">1<\/span><span class=\"w-counter-value-part type_text\" data-final=\"%\">%<\/span><\/div><p class=\"w-counter-title\">of our packaging is manufactured in the Hauts-de-France region<\/p><\/div><div class=\"w-vwrapper us_custom_ecc8d5e1 hide_on_mobiles align_none valign_top\"><\/div><div class=\"w-counter us_custom_3f53ade3 color_text align_center\" id=\"counter\" data-duration=\"2\"><div class=\"w-counter-value\"><span class=\"w-counter-value-part type_text\" data-final=\"\"><\/span><span class=\"w-counter-value-part type_number\" data-final=\"4\">1<\/span><span class=\"w-counter-value-part type_text\" data-final=\" ESAT\"> ESAT<\/span><\/div><p class=\"w-counter-title\">Establishment and service of Assistance through Work<\/p><\/div><\/div><\/div><\/div><\/div><\/div><\/section><section class=\"l-section wpb_row height_medium\"><div class=\"l-section-h i-cf\"><div class=\"g-cols vc_row via_grid cols_2 laptops-cols_inherit tablets-cols_inherit mobiles-cols_1 valign_middle type_default stacking_default\"><div class=\"wpb_column vc_column_container us_custom_60e9caca us_animate_this\"><div class=\"vc_column-inner\"><div class=\"wpb_text_column us_custom_84d65080 has_text_color\"><div class=\"wpb_wrapper\"><h2>Produce more, waste less<\/h2>\n<\/div><\/div><div class=\"w-separator size_small\"><\/div><div class=\"wpb_text_column us_custom_84d65080 has_text_color\"><div class=\"wpb_wrapper\"><p><strong>We are determined to make a difference. And that starts right from the design phase of a new product.<\/strong><\/p>\n<p>We take an eco-friendly approach to every stage of developing a moisture absorber, carefully selecting the raw materials. In fact, 50% of the annual volume of calcium chloride used by SODEPAC, the main natural raw material in the manufacture of our absorbers, is recycled waste from the production of sodium bicarbonate. We therefore reuse this waste to manufacture our refill pellets. Promoting the reuse of resources is our common goal. What&#8217;s more, our products are already environmentally friendly, as moisture absorbers do not require any energy source.<\/p>\n<\/div><\/div><\/div><\/div><div class=\"wpb_column vc_column_container us_custom_47474b22 us_animate_this\"><div class=\"vc_column-inner\"><div class=\"wpb_text_column us_custom_84d65080 has_text_color\"><div class=\"wpb_wrapper\"><p>We are also reducing our carbon footprint every year by cutting down on sea transport in favour of rail transport, which is the least polluting mode of transport. In addition, we constantly monitor the environmental commitments of our four main suppliers; this is our responsibility.<\/p>\n<p>It should also be noted that the company&#8217;s fleet consists entirely of French cars, including two electric cars.<\/p>\n<p>Finally, reducing the volume of our waste is part of our duty. The recycling of cardboard, wood and plastic has been significantly optimised. As a result, for a turnover of \u20ac1,000, we have gone from 5.27 kg of waste in 2016 to 4.53 kg in 2018 (source: PAPREC). And things are only getting better.<\/p>\n<\/div><\/div><\/div><\/div><\/div><\/div><\/section><section class=\"l-section wpb_row us_custom_7b789d13 height_medium\"><div class=\"l-section-h i-cf\"><div class=\"g-cols vc_row via_grid cols_1 laptops-cols_inherit tablets-cols_inherit mobiles-cols_1 valign_top type_default stacking_default\"><div class=\"wpb_column vc_column_container\"><div class=\"vc_column-inner\"><div class=\"wpb_text_column us_custom_84d65080 has_text_color\"><div class=\"wpb_wrapper\"><h3 style=\"text-align: center;\"><strong>The concrete results of this approach are impressive<\/strong><\/h3>\n<\/div><\/div><div class=\"wpb_text_column us_custom_84d65080 has_text_color\"><div class=\"wpb_wrapper\"><p style=\"text-align: center;\"><span style=\"font-weight: 400;\">in 2023, with Paprec, SODEPAC collected and recycled the following :<\/span><\/p>\n<\/div><\/div><div class=\"w-separator size_medium\"><\/div><div class=\"g-cols wpb_row via_grid cols_4 laptops-cols_inherit tablets-cols_2 mobiles-cols_1 valign_top type_default stacking_default\" style=\"--columns-gap:3rem;\"><div class=\"wpb_column vc_column_container us_custom_4fb9e5a3 has_bg_color\"><div class=\"vc_column-inner\"><div class=\"w-counter us_custom_2b349d51 has_text_color color_text align_center\" id=\"counter\" data-duration=\"1\"><div class=\"w-counter-value\"><span class=\"w-counter-value-part type_text\" data-final=\"\"><\/span><span class=\"w-counter-value-part type_number\" data-final=\"20,16\">0<\/span><span class=\"w-counter-value-part type_text\" data-final=\"\"><\/span><\/div><p class=\"w-counter-title\">tonnes of plastic<\/p><\/div><\/div><\/div><div class=\"wpb_column vc_column_container us_custom_4fb9e5a3 has_bg_color\"><div class=\"vc_column-inner\"><div class=\"w-counter us_custom_2b349d51 has_text_color color_text align_center\" id=\"counter\" data-duration=\"1\"><div class=\"w-counter-value\"><span class=\"w-counter-value-part type_text\" data-final=\"\"><\/span><span class=\"w-counter-value-part type_number\" data-final=\"42,32\">0<\/span><span class=\"w-counter-value-part type_text\" data-final=\"\"><\/span><\/div><p class=\"w-counter-title\">tonnes of cardboard<\/p><\/div><\/div><\/div><div class=\"wpb_column vc_column_container us_custom_4fb9e5a3 has_bg_color\"><div class=\"vc_column-inner\"><div class=\"w-counter us_custom_2b349d51 has_text_color color_text align_center\" id=\"counter\" data-duration=\"1\"><div class=\"w-counter-value\"><span class=\"w-counter-value-part type_text\" data-final=\"\"><\/span><span class=\"w-counter-value-part type_number\" data-final=\"24,54\">0<\/span><span class=\"w-counter-value-part type_text\" data-final=\"\"><\/span><\/div><p class=\"w-counter-title\">tonnes of wood<\/p><\/div><\/div><\/div><div class=\"wpb_column vc_column_container us_custom_4fb9e5a3 has_bg_color\"><div class=\"vc_column-inner\"><div class=\"w-counter us_custom_2b349d51 has_text_color color_text align_center\" id=\"counter\" data-duration=\"1\"><div class=\"w-counter-value\"><span class=\"w-counter-value-part type_text\" data-final=\"\"><\/span><span class=\"w-counter-value-part type_number\" data-final=\"6,39\">0<\/span><span class=\"w-counter-value-part type_text\" data-final=\"\"><\/span><\/div><p class=\"w-counter-title\">tonnes of scrap metal<\/p><\/div><\/div><\/div><\/div><div class=\"w-separator size_medium\"><\/div><div class=\"wpb_text_column us_custom_84d65080 has_text_color\"><div class=\"wpb_wrapper\"><p><span style=\"font-weight: 400;\">These efforts have helped conserve more than 2,350 m\u00b3 of water, save nearly 580 MWh of energy and significantly reduce CO\u2082 emissions. The company also collaborates with four places of assisted employment for disabled people (<\/span><i><span style=\"font-weight: 400;\">\u00c9tablissements et Services d&#8217;Aide par le Travail<\/span><\/i><span style=\"font-weight: 400;\">) and a prison, which actively participate in the production of its products, thereby improving its impact on the social and solidarity economy.<\/span><\/p>\n<p><span style=\"font-weight: 400;\">Thanks to these concrete measurable commitments, SODEPAC is showing that innovation and environmental responsibility can go hand in hand. By obtaining the FSC\u00ae certification and complying with its standards, the company is taking its role as a leader committed to the ecological transition to the next level, while offering ever more sustainable solutions to its customers.<\/span><\/p>\n<\/div><\/div><\/div><\/div><\/div><\/div><\/section><section class=\"l-section wpb_row height_medium\"><div class=\"l-section-h i-cf\"><div class=\"g-cols vc_row via_grid cols_1 laptops-cols_inherit tablets-cols_inherit mobiles-cols_1 valign_top type_default stacking_default\"><div class=\"wpb_column vc_column_container\"><div class=\"vc_column-inner\"><div class=\"g-cols wpb_row us_custom_95476cfb has_text_color via_grid cols_1 laptops-cols_inherit tablets-cols_1 mobiles-cols_1 valign_middle type_default stacking_default\" style=\"--columns-gap:3rem;\"><div class=\"wpb_column vc_column_container\"><div class=\"vc_column-inner\"><div class=\"w-hwrapper valign_top stack_on_mobiles align_none\"><div data-us-scroll=\"{&quot;from_initial_position&quot;:&quot;0&quot;,&quot;start_position&quot;:&quot;20%&quot;,&quot;end_position&quot;:&quot;75%&quot;,&quot;delay&quot;:&quot;0.1s&quot;,&quot;translate_y_direction&quot;:&quot;up&quot;,&quot;translate_y_speed&quot;:&quot;0.3x&quot;}\" class=\"w-image us_custom_287f481c hide_on_tablets has_scroll_effects has_translate_y align_none\"><div class=\"w-image-h\"><img decoding=\"async\" width=\"1000\" height=\"1200\" src=\"https:\/\/www.sodepac.com\/wp-content\/uploads\/sodepac-equipe.webp\" class=\"attachment-full size-full\" alt=\"\" loading=\"lazy\" srcset=\"https:\/\/www.sodepac.com\/wp-content\/uploads\/sodepac-equipe.webp 1000w, https:\/\/www.sodepac.com\/wp-content\/uploads\/sodepac-equipe-250x300.webp 250w, https:\/\/www.sodepac.com\/wp-content\/uploads\/sodepac-equipe-853x1024.webp 853w\" sizes=\"auto, (max-width: 1000px) 100vw, 1000px\" \/><\/div><\/div><div class=\"w-image us_custom_7dae295a hide_on_default hide_on_laptops hide_on_mobiles align_none\"><div class=\"w-image-h\"><img decoding=\"async\" width=\"1000\" height=\"1200\" src=\"https:\/\/www.sodepac.com\/wp-content\/uploads\/sodepac-equipe.webp\" class=\"attachment-full size-full\" alt=\"\" loading=\"lazy\" srcset=\"https:\/\/www.sodepac.com\/wp-content\/uploads\/sodepac-equipe.webp 1000w, https:\/\/www.sodepac.com\/wp-content\/uploads\/sodepac-equipe-250x300.webp 250w, https:\/\/www.sodepac.com\/wp-content\/uploads\/sodepac-equipe-853x1024.webp 853w\" sizes=\"auto, (max-width: 1000px) 100vw, 1000px\" \/><\/div><\/div><div class=\"w-vwrapper us_custom_8e0c6aae us_animate_this align_none valign_top\"><div class=\"wpb_text_column us_custom_68f546f6 has_text_color\"><div class=\"wpb_wrapper\"><h2>People as the driving force behind success<\/h2>\n<\/div><\/div><div class=\"wpb_text_column us_custom_6df4bc3a has_text_color\"><div class=\"wpb_wrapper\"><p>People are at the heart of our commitment. Every day, we work to serve millions of people and improve their health through humidity treatment. The well-being of our employees is also our priority. Above all, we offer them safe working conditions and encourage a balanced lifestyle. 95% of our 50 employees live less than 20 km from their workplace.<\/p>\n<p>We work with our teams to implement social initiatives such as collecting plastic bottle caps for the charity \u2018Bouchons d&#8217;Amour\u2019 and installing the French search engine \u2018Lilo\u2019, which allows them to donate the advertising revenue they generate to a charity close to their hearts.<\/p>\n<\/div><\/div><\/div><\/div><\/div><\/div><\/div><\/div><\/div><\/div><\/div><\/section><section class=\"l-section wpb_row us_custom_a1368924 height_large color_primary\"><div class=\"l-section-overlay\" style=\"background:rgba(1,2,15,0.63)\"><\/div><div class=\"l-section-h i-cf\"><div class=\"g-cols vc_row via_grid cols_2 laptops-cols_inherit tablets-cols_inherit mobiles-cols_1 valign_middle type_default stacking_default\"><div class=\"wpb_column vc_column_container us_custom_7e20fa79 us_animate_this\"><div class=\"vc_column-inner\"><div class=\"wpb_text_column\"><div class=\"wpb_wrapper\"><h2>Plan\u00e8te Urgence<\/h2>\n<\/div><\/div><div class=\"w-separator size_small\"><\/div><div class=\"wpb_text_column\"><div class=\"wpb_wrapper\"><p><strong>Why SEKO and the Plan\u00e8te Urgence association have been working together since 2019 to build a better world.<\/strong><\/p>\n<p>Plan\u00e8te Urgence is an international solidarity association founded in 2000 and recognised as a public utility in 2019. Its goal is to strengthen the autonomy of local populations in Africa, Asia, Mediterranean Europe, South America and the Caribbean. It is also involved in environmental protection.<\/p>\n<\/div><\/div><\/div><\/div><div class=\"wpb_column vc_column_container us_custom_60e9caca us_animate_this\"><div class=\"vc_column-inner\"><div class=\"w-image us_custom_c578af93 align_none\"><div class=\"w-image-h\"><img decoding=\"async\" width=\"800\" height=\"500\" src=\"https:\/\/www.sodepac.com\/wp-content\/uploads\/planete-urgence.png\" class=\"attachment-large size-large\" alt=\"\" loading=\"lazy\" srcset=\"https:\/\/www.sodepac.com\/wp-content\/uploads\/planete-urgence.png 800w, https:\/\/www.sodepac.com\/wp-content\/uploads\/planete-urgence-300x188.png 300w\" sizes=\"auto, (max-width: 800px) 100vw, 800px\" \/><\/div><\/div><div class=\"w-tabs us_custom_de0c5d45 style_default switch_click accordion\" style=\"--sections-title-size:inherit\" id=\"rsetab\"><div class=\"w-tabs-sections titles-align_none icon_chevron cpos_right\"><div class=\"w-tabs-section\" id=\"d8d1\"><button class=\"w-tabs-section-header with_icon\" aria-controls=\"content-d8d1\" aria-expanded=\"false\"><i class=\"fas fa-hands-helping\"><\/i><div class=\"w-tabs-section-title\">Actions are numerous<\/div><div class=\"w-tabs-section-control\"><\/div><\/button><div  class=\"w-tabs-section-content\" id=\"content-d8d1\"><div class=\"w-tabs-section-content-h i-cf\"><div class=\"wpb_text_column\"><div class=\"wpb_wrapper\"><ul>\n<li>Access to adult vocational training.<\/li>\n<li>Socio-educational support for young people.<\/li>\n<li>Protection of biodiversity through reforestation projects.<\/li>\n<li>Raising awareness among local residents about environmental protection.<\/li>\n<li>The project aims to promote sustainable development in the region by implementing a series of initiatives focused on environmental protection, social inclusion, and economic development.<\/li>\n<\/ul>\n<\/div><\/div><\/div><\/div><\/div><div class=\"w-tabs-section\" id=\"i9db\"><button class=\"w-tabs-section-header with_icon\" aria-controls=\"content-i9db\" aria-expanded=\"false\"><i class=\"fas fa-check\"><\/i><div class=\"w-tabs-section-title\">Plan\u00e8te urgence in figures, this is :<\/div><div class=\"w-tabs-section-control\"><\/div><\/button><div  class=\"w-tabs-section-content\" id=\"content-i9db\"><div class=\"w-tabs-section-content-h i-cf\"><div class=\"wpb_text_column\"><div class=\"wpb_wrapper\"><ul>\n<li><strong>10 000 volunteers<\/strong> deployed<\/li>\n<li><strong>340<\/strong> local partners<\/li>\n<li><strong>8 000 000 trees<\/strong> planted<\/li>\n<li><strong>112 828 school kits<\/strong> distributed<\/li>\n<\/ul>\n<\/div><\/div><\/div><\/div><\/div><div class=\"w-tabs-section\" id=\"raba\"><button class=\"w-tabs-section-header with_icon\" aria-controls=\"content-raba\" aria-expanded=\"false\"><i class=\"fas fa-trees\"><\/i><div class=\"w-tabs-section-title\">Let&#8217;s reforest endangered forests !<\/div><div class=\"w-tabs-section-control\"><\/div><\/button><div  class=\"w-tabs-section-content\" id=\"content-raba\"><div class=\"w-tabs-section-content-h i-cf\"><div class=\"wpb_text_column\"><div class=\"wpb_wrapper\"><p>Each tree planted produces oxygen, helps protect wildlife and flora, regulates the water cycle, promotes climate balance, and more. This is the whole point of our recent partnership with the Plan\u00e8te Urgence association: to fight deforestation and preserve nature in a sustainable way.<\/p>\n<p>Since 2019, our partnership with Plan\u00e8te Urgence has enabled the replanting of 30,000 cashew trees in B\u00e9nou\u00e9 Park, in the northern region of Cameroon, Central Africa.<\/p>\n<\/div><\/div><\/div><\/div><\/div><\/div><\/div><\/div><\/div><\/div><\/div><\/section><section class=\"l-section wpb_row height_medium\"><div class=\"l-section-h i-cf\"><div class=\"g-cols vc_row via_grid cols_2 laptops-cols_inherit tablets-cols_inherit mobiles-cols_1 valign_middle type_default stacking_default\"><div class=\"wpb_column vc_column_container\"><div class=\"vc_column-inner\"><div class=\"w-image us_custom_175e3bc5 us_animate_this align_none\"><div class=\"w-image-h\"><img decoding=\"async\" width=\"600\" height=\"800\" src=\"https:\/\/www.sodepac.com\/wp-content\/uploads\/Ambiance-Bali-3-scaled.jpg\" class=\"attachment-us_800_800_crop size-us_800_800_crop\" alt=\"traitement de l&#039;humidit\u00e9\" loading=\"lazy\" srcset=\"https:\/\/www.sodepac.com\/wp-content\/uploads\/Ambiance-Bali-3-scaled.jpg 1920w, https:\/\/www.sodepac.com\/wp-content\/uploads\/Ambiance-Bali-3-225x300.jpg 225w, https:\/\/www.sodepac.com\/wp-content\/uploads\/Ambiance-Bali-3-768x1024.jpg 768w\" sizes=\"auto, (max-width: 600px) 100vw, 600px\" \/><\/div><\/div><\/div><\/div><div class=\"wpb_column vc_column_container us_custom_47474b22 us_animate_this\"><div class=\"vc_column-inner\"><div class=\"wpb_text_column us_custom_cbc2f438 has_text_color\"><div class=\"wpb_wrapper\"><h2>The Bali wooden absorber<\/h2>\n<\/div><\/div><div class=\"w-separator size_small\"><\/div><div class=\"wpb_text_column us_custom_84d65080 has_text_color\"><div class=\"wpb_wrapper\"><p>A perfect example of our philosophy is our Bali wooden absorber, which is made from only 28% plastic compared to 100% for a standard absorber. The moisture absorber becomes a decorative accessory that is useful, attractive and environmentally friendly.<\/p>\n<\/div><\/div><div class=\"w-separator size_small\"><\/div><div class=\"w-btn-wrapper align_none\"><a class=\"w-btn us-btn-style_8\" href=\"https:\/\/www.sodepac.com\/en\/produits\/medium-bali-seko-moisture-absorber\/\"><span class=\"w-btn-label\">More informations<\/span><\/a><\/div><\/div><\/div><\/div><\/div><\/section>\n","protected":false},"excerpt":{"rendered":"Our CSR approach At SODEPAC, we firmly believe that your health and that of the planet are closely linked. As a long-standing pioneer in moisture absorption, SODEPAC has been working tirelessly for over 40 years to combat damp in your homes. But this is not our only battle. In a world facing global warming and...","protected":false},"author":1,"featured_media":533,"parent":0,"menu_order":0,"comment_status":"closed","ping_status":"closed","template":"","meta":{"_acf_changed":false,"footnotes":""},"class_list":["post-2206","page","type-page","status-publish","has-post-thumbnail","hentry"],"acf":[],"_links":{"self":[{"href":"https:\/\/www.sodepac.com\/en\/wp-json\/wp\/v2\/pages\/2206","targetHints":{"allow":["GET"]}}],"collection":[{"href":"https:\/\/www.sodepac.com\/en\/wp-json\/wp\/v2\/pages"}],"about":[{"href":"https:\/\/www.sodepac.com\/en\/wp-json\/wp\/v2\/types\/page"}],"author":[{"embeddable":true,"href":"https:\/\/www.sodepac.com\/en\/wp-json\/wp\/v2\/users\/1"}],"replies":[{"embeddable":true,"href":"https:\/\/www.sodepac.com\/en\/wp-json\/wp\/v2\/comments?post=2206"}],"version-history":[{"count":12,"href":"https:\/\/www.sodepac.com\/en\/wp-json\/wp\/v2\/pages\/2206\/revisions"}],"predecessor-version":[{"id":3054,"href":"https:\/\/www.sodepac.com\/en\/wp-json\/wp\/v2\/pages\/2206\/revisions\/3054"}],"wp:featuredmedia":[{"embeddable":true,"href":"https:\/\/www.sodepac.com\/en\/wp-json\/wp\/v2\/media\/533"}],"wp:attachment":[{"href":"https:\/\/www.sodepac.com\/en\/wp-json\/wp\/v2\/media?parent=2206"}],"curies":[{"name":"wp","href":"https:\/\/api.w.org\/{rel}","templated":true}]}}